{"id":8903,"date":"2024-09-12T15:04:05","date_gmt":"2024-09-12T12:04:05","guid":{"rendered":"https:\/\/belleatelier.at\/?post_type=product&#038;p=8903"},"modified":"2024-11-19T20:27:16","modified_gmt":"2024-11-19T19:27:16","slug":"kleid-artemis-weis-m","status":"publish","type":"product","link":"https:\/\/belleatelier.at\/de\/product\/kleid-artemis-weis-m\/","title":{"rendered":"Kleid Artemis Wei\u00df- M"},"content":{"rendered":"","protected":false},"excerpt":{"rendered":"<p>Elegantes langes wei\u00dfes Kleid mit Federn und T\u00fcll am Ausschnitt, Krepp vorne ist perfekt f\u00fcr ein stilvolles Outfit. Das vielseitige Modell passt durch das besondere Design sowohl zum Tagesoutfit als auch zum Abendoutfit. Sie m\u00fcssen dieses besondere Kleid in Ihrer Garderobe haben.<\/p>\n<p><strong>Gr\u00f6\u00dfe: M<\/strong><\/p>\n<ul>\n<li>leicht elastisches Material<\/li>\n<li>versteckter Rei\u00dfverschluss hinten<\/li>\n<li>Schwammb\u00fcste<\/li>\n<li>kein Petticoat<\/li>\n<li>Ausgestattet mit Pwnw und T\u00fcll am Ausschnitt<\/li>\n<li>Krepp vorne<\/li>\n<li>H\u00fcftgurt<\/li>\n<\/ul>","protected":false},"featured_media":9268,"comment_status":"closed","ping_status":"closed","template":"","meta":{"inline_featured_image":false},"product_cat":[59],"product_tag":[122],"class_list":{"0":"post-8903","1":"product","2":"type-product","3":"status-publish","4":"has-post-thumbnail","6":"product_cat-rochii","7":"product_tag-rochii-de-ocazie","9":"first","10":"instock","11":"featured","12":"taxable","13":"shipping-taxable","14":"purchasable","15":"product-type-simple"},"_links":{"self":[{"href":"https:\/\/belleatelier.at\/de\/wp-json\/wp\/v2\/product\/8903","targetHints":{"allow":["GET"]}}],"collection":[{"href":"https:\/\/belleatelier.at\/de\/wp-json\/wp\/v2\/product"}],"about":[{"href":"https:\/\/belleatelier.at\/de\/wp-json\/wp\/v2\/types\/product"}],"replies":[{"embeddable":true,"href":"https:\/\/belleatelier.at\/de\/wp-json\/wp\/v2\/comments?post=8903"}],"version-history":[{"count":2,"href":"https:\/\/belleatelier.at\/de\/wp-json\/wp\/v2\/product\/8903\/revisions"}],"predecessor-version":[{"id":11004,"href":"https:\/\/belleatelier.at\/de\/wp-json\/wp\/v2\/product\/8903\/revisions\/11004"}],"wp:featuredmedia":[{"embeddable":true,"href":"https:\/\/belleatelier.at\/de\/wp-json\/wp\/v2\/media\/9268"}],"wp:attachment":[{"href":"https:\/\/belleatelier.at\/de\/wp-json\/wp\/v2\/media?parent=8903"}],"wp:term":[{"taxonomy":"product_cat","embeddable":true,"href":"https:\/\/belleatelier.at\/de\/wp-json\/wp\/v2\/product_cat?post=8903"},{"taxonomy":"product_tag","embeddable":true,"href":"https:\/\/belleatelier.at\/de\/wp-json\/wp\/v2\/product_tag?post=8903"}],"curies":[{"name":"wp","href":"https:\/\/api.w.org\/{rel}","templated":true}]}}