{"id":8931,"date":"2024-09-12T15:13:40","date_gmt":"2024-09-12T12:13:40","guid":{"rendered":"https:\/\/belleatelier.at\/?post_type=product&#038;p=8931"},"modified":"2024-11-19T20:26:44","modified_gmt":"2024-11-19T19:26:44","slug":"kleid-mina-nude-m","status":"publish","type":"product","link":"https:\/\/belleatelier.at\/de\/product\/kleid-mina-nude-m\/","title":{"rendered":"Kleid Mina Nude- M"},"content":{"rendered":"","protected":false},"excerpt":{"rendered":"<p>Elegantes Tageskleid mit Spitze im oberen Teil eignet sich f\u00fcr ein B\u00fcrooutfit. Sie k\u00f6nnen es mit Abs\u00e4tzen kombinieren und erhalten ein schickes, feminines Outfit.<\/p>\n<p><strong>Gr\u00f6\u00dfe: M<\/strong><\/p>\n<ul>\n<li>leicht elastisches Material<\/li>\n<li>Rei\u00dfverschluss hinten<\/li>\n<li>lange \u00c4rmel<\/li>\n<li>kein Petticoat<\/li>\n<li>Krepp hinten<\/li>\n<li>mit Strasssteinen versehen<\/li>\n<\/ul>","protected":false},"featured_media":9255,"comment_status":"closed","ping_status":"closed","template":"","meta":{"inline_featured_image":false},"product_cat":[59],"product_tag":[122],"class_list":{"0":"post-8931","1":"product","2":"type-product","3":"status-publish","4":"has-post-thumbnail","6":"product_cat-rochii","7":"product_tag-rochii-de-ocazie","9":"first","10":"instock","11":"featured","12":"taxable","13":"shipping-taxable","14":"purchasable","15":"product-type-simple"},"_links":{"self":[{"href":"https:\/\/belleatelier.at\/de\/wp-json\/wp\/v2\/product\/8931","targetHints":{"allow":["GET"]}}],"collection":[{"href":"https:\/\/belleatelier.at\/de\/wp-json\/wp\/v2\/product"}],"about":[{"href":"https:\/\/belleatelier.at\/de\/wp-json\/wp\/v2\/types\/product"}],"replies":[{"embeddable":true,"href":"https:\/\/belleatelier.at\/de\/wp-json\/wp\/v2\/comments?post=8931"}],"version-history":[{"count":2,"href":"https:\/\/belleatelier.at\/de\/wp-json\/wp\/v2\/product\/8931\/revisions"}],"predecessor-version":[{"id":11001,"href":"https:\/\/belleatelier.at\/de\/wp-json\/wp\/v2\/product\/8931\/revisions\/11001"}],"wp:featuredmedia":[{"embeddable":true,"href":"https:\/\/belleatelier.at\/de\/wp-json\/wp\/v2\/media\/9255"}],"wp:attachment":[{"href":"https:\/\/belleatelier.at\/de\/wp-json\/wp\/v2\/media?parent=8931"}],"wp:term":[{"taxonomy":"product_cat","embeddable":true,"href":"https:\/\/belleatelier.at\/de\/wp-json\/wp\/v2\/product_cat?post=8931"},{"taxonomy":"product_tag","embeddable":true,"href":"https:\/\/belleatelier.at\/de\/wp-json\/wp\/v2\/product_tag?post=8931"}],"curies":[{"name":"wp","href":"https:\/\/api.w.org\/{rel}","templated":true}]}}