{"id":8961,"date":"2024-09-12T15:23:59","date_gmt":"2024-09-12T12:23:59","guid":{"rendered":"https:\/\/belleatelier.at\/?post_type=product&#038;p=8961"},"modified":"2024-11-19T20:26:15","modified_gmt":"2024-11-19T19:26:15","slug":"kleid-odrella-schwarz-m","status":"publish","type":"product","link":"https:\/\/belleatelier.at\/de\/product\/kleid-odrella-schwarz-m\/","title":{"rendered":"Kleid Odrella Schwarz- M"},"content":{"rendered":"","protected":false},"excerpt":{"rendered":"<p>Ein kurzes schwarzes Kleid f\u00fcr diesen Anlass ist eine klassische und elegante Wahl f\u00fcr verschiedene besondere Anl\u00e4sse. Das 3D-Accessoire in Form einer Blume wird Ihren Auftritt raffiniert machen.<\/p>\n<p><strong>Gr\u00f6\u00dfe: M<\/strong><\/p>\n<ul>\n<li>leicht elastisches Material<\/li>\n<li>Rei\u00dfverschluss hinten<\/li>\n<li>Rundhalsausschnitt<\/li>\n<li>schwammige Schultern<\/li>\n<li>kurze \u00c4rmel<\/li>\n<li>dient gleichzeitig als Petticoat<\/li>\n<li>mit 3D-Blume versehen<\/li>\n<\/ul>","protected":false},"featured_media":9241,"comment_status":"closed","ping_status":"closed","template":"","meta":{"inline_featured_image":false},"product_cat":[59],"product_tag":[122],"class_list":{"0":"post-8961","1":"product","2":"type-product","3":"status-publish","4":"has-post-thumbnail","6":"product_cat-rochii","7":"product_tag-rochii-de-ocazie","9":"first","10":"instock","11":"featured","12":"taxable","13":"shipping-taxable","14":"purchasable","15":"product-type-simple"},"_links":{"self":[{"href":"https:\/\/belleatelier.at\/de\/wp-json\/wp\/v2\/product\/8961","targetHints":{"allow":["GET"]}}],"collection":[{"href":"https:\/\/belleatelier.at\/de\/wp-json\/wp\/v2\/product"}],"about":[{"href":"https:\/\/belleatelier.at\/de\/wp-json\/wp\/v2\/types\/product"}],"replies":[{"embeddable":true,"href":"https:\/\/belleatelier.at\/de\/wp-json\/wp\/v2\/comments?post=8961"}],"version-history":[{"count":2,"href":"https:\/\/belleatelier.at\/de\/wp-json\/wp\/v2\/product\/8961\/revisions"}],"predecessor-version":[{"id":10998,"href":"https:\/\/belleatelier.at\/de\/wp-json\/wp\/v2\/product\/8961\/revisions\/10998"}],"wp:featuredmedia":[{"embeddable":true,"href":"https:\/\/belleatelier.at\/de\/wp-json\/wp\/v2\/media\/9241"}],"wp:attachment":[{"href":"https:\/\/belleatelier.at\/de\/wp-json\/wp\/v2\/media?parent=8961"}],"wp:term":[{"taxonomy":"product_cat","embeddable":true,"href":"https:\/\/belleatelier.at\/de\/wp-json\/wp\/v2\/product_cat?post=8961"},{"taxonomy":"product_tag","embeddable":true,"href":"https:\/\/belleatelier.at\/de\/wp-json\/wp\/v2\/product_tag?post=8961"}],"curies":[{"name":"wp","href":"https:\/\/api.w.org\/{rel}","templated":true}]}}