{"id":9008,"date":"2024-09-12T16:06:18","date_gmt":"2024-09-12T13:06:18","guid":{"rendered":"https:\/\/belleatelier.at\/?post_type=product&#038;p=9008"},"modified":"2024-11-19T20:25:26","modified_gmt":"2024-11-19T19:25:26","slug":"kleid-serenity-rot-m","status":"publish","type":"product","link":"https:\/\/belleatelier.at\/de\/product\/kleid-serenity-rot-m\/","title":{"rendered":"Kleid Serenity Rot- M"},"content":{"rendered":"","protected":false},"excerpt":{"rendered":"<p>Elegantes Midikleid aus Spitze und Krepp mit Puff\u00e4rmeln, perfekt f\u00fcr ein stilvolles Outfit. Das besondere Modell eignet sich f\u00fcr Abende, an denen Sie von seiner Eleganz und seinem Sexappeal begeistert sein werden.<\/p>\n<p><strong>Gr\u00f6\u00dfe: M<\/strong><\/p>\n<ul>\n<li>unelastisches Material<\/li>\n<li>versteckter Rei\u00dfverschluss hinten<\/li>\n<li>verr\u00fcckte B\u00fcste<\/li>\n<li>kurze Puff\u00e4rmel<\/li>\n<li>elastische Tr\u00e4ger<\/li>\n<li>R\u00fcckenschlitz<\/li>\n<li>dient gleichzeitig als Petticoat<\/li>\n<\/ul>","protected":false},"featured_media":9228,"comment_status":"closed","ping_status":"closed","template":"","meta":{"inline_featured_image":false},"product_cat":[59],"product_tag":[122],"class_list":{"0":"post-9008","1":"product","2":"type-product","3":"status-publish","4":"has-post-thumbnail","6":"product_cat-rochii","7":"product_tag-rochii-de-ocazie","9":"first","10":"instock","11":"featured","12":"taxable","13":"shipping-taxable","14":"purchasable","15":"product-type-simple"},"_links":{"self":[{"href":"https:\/\/belleatelier.at\/de\/wp-json\/wp\/v2\/product\/9008","targetHints":{"allow":["GET"]}}],"collection":[{"href":"https:\/\/belleatelier.at\/de\/wp-json\/wp\/v2\/product"}],"about":[{"href":"https:\/\/belleatelier.at\/de\/wp-json\/wp\/v2\/types\/product"}],"replies":[{"embeddable":true,"href":"https:\/\/belleatelier.at\/de\/wp-json\/wp\/v2\/comments?post=9008"}],"version-history":[{"count":2,"href":"https:\/\/belleatelier.at\/de\/wp-json\/wp\/v2\/product\/9008\/revisions"}],"predecessor-version":[{"id":10994,"href":"https:\/\/belleatelier.at\/de\/wp-json\/wp\/v2\/product\/9008\/revisions\/10994"}],"wp:featuredmedia":[{"embeddable":true,"href":"https:\/\/belleatelier.at\/de\/wp-json\/wp\/v2\/media\/9228"}],"wp:attachment":[{"href":"https:\/\/belleatelier.at\/de\/wp-json\/wp\/v2\/media?parent=9008"}],"wp:term":[{"taxonomy":"product_cat","embeddable":true,"href":"https:\/\/belleatelier.at\/de\/wp-json\/wp\/v2\/product_cat?post=9008"},{"taxonomy":"product_tag","embeddable":true,"href":"https:\/\/belleatelier.at\/de\/wp-json\/wp\/v2\/product_tag?post=9008"}],"curies":[{"name":"wp","href":"https:\/\/api.w.org\/{rel}","templated":true}]}}