{"id":9023,"date":"2024-09-12T16:15:31","date_gmt":"2024-09-12T13:15:31","guid":{"rendered":"https:\/\/belleatelier.at\/?post_type=product&#038;p=9023"},"modified":"2024-11-19T20:24:58","modified_gmt":"2024-11-19T19:24:58","slug":"kleid-cassie-rot-s","status":"publish","type":"product","link":"https:\/\/belleatelier.at\/de\/product\/kleid-cassie-rot-s\/","title":{"rendered":"Kleid Cassie Rot- S"},"content":{"rendered":"","protected":false},"excerpt":{"rendered":"<p>Ein figurbetontes Midikleid in Rot kann f\u00fcr verschiedene Anl\u00e4sse eine bezaubernde und verf\u00fchrerische Wahl sein. W\u00e4hlen Sie ein Kleid mit einem Schnitt, der Ihre Taille betont, mit einem Ausschnitt an den Schultern, um Ihrem Outfit ein romantisches Element zu verleihen.<\/p>\n<p><strong>Gr\u00f6\u00dfe: S<\/strong><\/p>\n<ul>\n<li>leicht elastisches Material<\/li>\n<li>Rei\u00dfverschluss hinten<\/li>\n<li>Ausschnitt an den Schultern, versehen mit einer 3D-Blume im Brustbereich<\/li>\n<li>Dreiviertel\u00e4rmel<\/li>\n<li>kein Petticoat<\/li>\n<\/ul>","protected":false},"featured_media":9218,"comment_status":"closed","ping_status":"closed","template":"","meta":{"inline_featured_image":false},"product_cat":[59],"product_tag":[122],"class_list":{"0":"post-9023","1":"product","2":"type-product","3":"status-publish","4":"has-post-thumbnail","6":"product_cat-rochii","7":"product_tag-rochii-de-ocazie","9":"first","10":"instock","11":"featured","12":"taxable","13":"shipping-taxable","14":"purchasable","15":"product-type-simple"},"_links":{"self":[{"href":"https:\/\/belleatelier.at\/de\/wp-json\/wp\/v2\/product\/9023","targetHints":{"allow":["GET"]}}],"collection":[{"href":"https:\/\/belleatelier.at\/de\/wp-json\/wp\/v2\/product"}],"about":[{"href":"https:\/\/belleatelier.at\/de\/wp-json\/wp\/v2\/types\/product"}],"replies":[{"embeddable":true,"href":"https:\/\/belleatelier.at\/de\/wp-json\/wp\/v2\/comments?post=9023"}],"version-history":[{"count":2,"href":"https:\/\/belleatelier.at\/de\/wp-json\/wp\/v2\/product\/9023\/revisions"}],"predecessor-version":[{"id":10991,"href":"https:\/\/belleatelier.at\/de\/wp-json\/wp\/v2\/product\/9023\/revisions\/10991"}],"wp:featuredmedia":[{"embeddable":true,"href":"https:\/\/belleatelier.at\/de\/wp-json\/wp\/v2\/media\/9218"}],"wp:attachment":[{"href":"https:\/\/belleatelier.at\/de\/wp-json\/wp\/v2\/media?parent=9023"}],"wp:term":[{"taxonomy":"product_cat","embeddable":true,"href":"https:\/\/belleatelier.at\/de\/wp-json\/wp\/v2\/product_cat?post=9023"},{"taxonomy":"product_tag","embeddable":true,"href":"https:\/\/belleatelier.at\/de\/wp-json\/wp\/v2\/product_tag?post=9023"}],"curies":[{"name":"wp","href":"https:\/\/api.w.org\/{rel}","templated":true}]}}