{"id":9035,"date":"2024-09-12T16:20:43","date_gmt":"2024-09-12T13:20:43","guid":{"rendered":"https:\/\/belleatelier.at\/?post_type=product&#038;p=9035"},"modified":"2024-11-19T20:24:39","modified_gmt":"2024-11-19T19:24:39","slug":"kleid-lovely-peach-m","status":"publish","type":"product","link":"https:\/\/belleatelier.at\/de\/product\/kleid-lovely-peach-m\/","title":{"rendered":"Kleid Lovely Peach- M"},"content":{"rendered":"","protected":false},"excerpt":{"rendered":"<p>Pfirsichfarbenes Midikleid f\u00fcr besondere Anl\u00e4sse mit R\u00fcschen, verziert mit Pailletten, ideal f\u00fcr besondere Ereignisse in Ihrem Leben. Der Schnitt passt perfekt zur Silhouette und l\u00e4sst Sie garantiert strahlen. Das Sondermodell macht Ihren Auftritt zu einem verf\u00fchrerischen.<\/p>\n<p><strong>Gr\u00f6\u00dfe: M<\/strong><\/p>\n<ul>\n<li>unelastisches Material<\/li>\n<li>Rei\u00dfverschluss hinten<\/li>\n<li>R\u00fcschen an den \u00c4rmeln und am Saum<\/li>\n<li>gestanztes Material, verziert mit Pailletten im oberen Teil<\/li>\n<li>Petticoat-Rock<\/li>\n<\/ul>","protected":false},"featured_media":9211,"comment_status":"closed","ping_status":"closed","template":"","meta":{"inline_featured_image":false},"product_cat":[59],"product_tag":[122],"class_list":{"0":"post-9035","1":"product","2":"type-product","3":"status-publish","4":"has-post-thumbnail","6":"product_cat-rochii","7":"product_tag-rochii-de-ocazie","9":"first","10":"instock","11":"featured","12":"taxable","13":"shipping-taxable","14":"purchasable","15":"product-type-simple"},"_links":{"self":[{"href":"https:\/\/belleatelier.at\/de\/wp-json\/wp\/v2\/product\/9035","targetHints":{"allow":["GET"]}}],"collection":[{"href":"https:\/\/belleatelier.at\/de\/wp-json\/wp\/v2\/product"}],"about":[{"href":"https:\/\/belleatelier.at\/de\/wp-json\/wp\/v2\/types\/product"}],"replies":[{"embeddable":true,"href":"https:\/\/belleatelier.at\/de\/wp-json\/wp\/v2\/comments?post=9035"}],"version-history":[{"count":2,"href":"https:\/\/belleatelier.at\/de\/wp-json\/wp\/v2\/product\/9035\/revisions"}],"predecessor-version":[{"id":10989,"href":"https:\/\/belleatelier.at\/de\/wp-json\/wp\/v2\/product\/9035\/revisions\/10989"}],"wp:featuredmedia":[{"embeddable":true,"href":"https:\/\/belleatelier.at\/de\/wp-json\/wp\/v2\/media\/9211"}],"wp:attachment":[{"href":"https:\/\/belleatelier.at\/de\/wp-json\/wp\/v2\/media?parent=9035"}],"wp:term":[{"taxonomy":"product_cat","embeddable":true,"href":"https:\/\/belleatelier.at\/de\/wp-json\/wp\/v2\/product_cat?post=9035"},{"taxonomy":"product_tag","embeddable":true,"href":"https:\/\/belleatelier.at\/de\/wp-json\/wp\/v2\/product_tag?post=9035"}],"curies":[{"name":"wp","href":"https:\/\/api.w.org\/{rel}","templated":true}]}}