{"id":9070,"date":"2024-09-12T16:41:18","date_gmt":"2024-09-12T13:41:18","guid":{"rendered":"https:\/\/belleatelier.at\/?post_type=product&#038;p=9070"},"modified":"2024-11-19T20:23:36","modified_gmt":"2024-11-19T19:23:36","slug":"kleid-adalee-weis-l","status":"publish","type":"product","link":"https:\/\/belleatelier.at\/de\/product\/kleid-adalee-weis-l\/","title":{"rendered":"Kleid Adalee Wei\u00df- L"},"content":{"rendered":"","protected":false},"excerpt":{"rendered":"<p>Elegantes wei\u00dfes tr\u00e4gerloses Midikleid mit Krepp vorne, perfekt f\u00fcr ein elegantes Outfit. Das Modell am K\u00f6rper macht Ihren Auftritt zu einem der Trends der Saison. Tragen Sie ein sexy Kleid, das Ihre Weiblichkeit unterstreicht.<\/p>\n<p><strong>Gr\u00f6\u00dfe: L<\/strong><\/p>\n<ul>\n<li>leicht elastisches Material<\/li>\n<li>Rei\u00dfverschluss hinten<\/li>\n<li>Schwammb\u00fcste<\/li>\n<li>Faltendetail oben und an der Taille<\/li>\n<li>ohne Zahnspange<\/li>\n<li>Krepp an der Seite vorne<\/li>\n<li>H\u00fcftgurt<\/li>\n<li>kein Petticoat<\/li>\n<\/ul>","protected":false},"featured_media":9189,"comment_status":"closed","ping_status":"closed","template":"","meta":{"inline_featured_image":false},"product_cat":[59],"product_tag":[122],"class_list":{"0":"post-9070","1":"product","2":"type-product","3":"status-publish","4":"has-post-thumbnail","6":"product_cat-rochii","7":"product_tag-rochii-de-ocazie","9":"first","10":"instock","11":"featured","12":"taxable","13":"shipping-taxable","14":"purchasable","15":"product-type-simple"},"_links":{"self":[{"href":"https:\/\/belleatelier.at\/de\/wp-json\/wp\/v2\/product\/9070","targetHints":{"allow":["GET"]}}],"collection":[{"href":"https:\/\/belleatelier.at\/de\/wp-json\/wp\/v2\/product"}],"about":[{"href":"https:\/\/belleatelier.at\/de\/wp-json\/wp\/v2\/types\/product"}],"replies":[{"embeddable":true,"href":"https:\/\/belleatelier.at\/de\/wp-json\/wp\/v2\/comments?post=9070"}],"version-history":[{"count":2,"href":"https:\/\/belleatelier.at\/de\/wp-json\/wp\/v2\/product\/9070\/revisions"}],"predecessor-version":[{"id":10980,"href":"https:\/\/belleatelier.at\/de\/wp-json\/wp\/v2\/product\/9070\/revisions\/10980"}],"wp:featuredmedia":[{"embeddable":true,"href":"https:\/\/belleatelier.at\/de\/wp-json\/wp\/v2\/media\/9189"}],"wp:attachment":[{"href":"https:\/\/belleatelier.at\/de\/wp-json\/wp\/v2\/media?parent=9070"}],"wp:term":[{"taxonomy":"product_cat","embeddable":true,"href":"https:\/\/belleatelier.at\/de\/wp-json\/wp\/v2\/product_cat?post=9070"},{"taxonomy":"product_tag","embeddable":true,"href":"https:\/\/belleatelier.at\/de\/wp-json\/wp\/v2\/product_tag?post=9070"}],"curies":[{"name":"wp","href":"https:\/\/api.w.org\/{rel}","templated":true}]}}