{"id":9071,"date":"2024-09-12T16:41:18","date_gmt":"2024-09-12T13:41:18","guid":{"rendered":"https:\/\/belleatelier.at\/?post_type=product&#038;p=9071"},"modified":"2024-11-19T20:23:20","modified_gmt":"2024-11-19T19:23:20","slug":"kleid-karla-hellgrun-l","status":"publish","type":"product","link":"https:\/\/belleatelier.at\/de\/product\/kleid-karla-hellgrun-l\/","title":{"rendered":"Kleid Karla HellGr\u00fcn- L"},"content":{"rendered":"","protected":false},"excerpt":{"rendered":"<p>Gr\u00fcnes Midikleid, sehr elegant, mit Sch\u00f6\u00dfchen in der Taille versehen, ideal sowohl f\u00fcr berufliche Meetings als auch f\u00fcr elegante Tagesveranstaltungen. Das Design sowie das besondere Material verleihen Ihrem Outfit Stil und Sie werden mit Sicherheit die Blicke auf sich ziehen.<\/p>\n<p><strong>Gr\u00f6\u00dfe: L<\/strong><\/p>\n<ul>\n<li>leicht elastisches Material<\/li>\n<li>Rei\u00dfverschluss hinten<\/li>\n<li>Ausschnitt vorne\/hinten<\/li>\n<li>Dreiviertel\u00e4rmel mit Gummizug am Saum<\/li>\n<li>Schwammb\u00fcste<\/li>\n<li>Sch\u00f6\u00dfchen an der Taille<\/li>\n<li>kein Petticoat<\/li>\n<li>hinten gespalten<\/li>\n<\/ul>","protected":false},"featured_media":9187,"comment_status":"closed","ping_status":"closed","template":"","meta":{"inline_featured_image":false},"product_cat":[59],"product_tag":[122],"class_list":{"0":"post-9071","1":"product","2":"type-product","3":"status-publish","4":"has-post-thumbnail","6":"product_cat-rochii","7":"product_tag-rochii-de-ocazie","9":"first","10":"instock","11":"featured","12":"taxable","13":"shipping-taxable","14":"purchasable","15":"product-type-simple"},"_links":{"self":[{"href":"https:\/\/belleatelier.at\/de\/wp-json\/wp\/v2\/product\/9071","targetHints":{"allow":["GET"]}}],"collection":[{"href":"https:\/\/belleatelier.at\/de\/wp-json\/wp\/v2\/product"}],"about":[{"href":"https:\/\/belleatelier.at\/de\/wp-json\/wp\/v2\/types\/product"}],"replies":[{"embeddable":true,"href":"https:\/\/belleatelier.at\/de\/wp-json\/wp\/v2\/comments?post=9071"}],"version-history":[{"count":3,"href":"https:\/\/belleatelier.at\/de\/wp-json\/wp\/v2\/product\/9071\/revisions"}],"predecessor-version":[{"id":10982,"href":"https:\/\/belleatelier.at\/de\/wp-json\/wp\/v2\/product\/9071\/revisions\/10982"}],"wp:featuredmedia":[{"embeddable":true,"href":"https:\/\/belleatelier.at\/de\/wp-json\/wp\/v2\/media\/9187"}],"wp:attachment":[{"href":"https:\/\/belleatelier.at\/de\/wp-json\/wp\/v2\/media?parent=9071"}],"wp:term":[{"taxonomy":"product_cat","embeddable":true,"href":"https:\/\/belleatelier.at\/de\/wp-json\/wp\/v2\/product_cat?post=9071"},{"taxonomy":"product_tag","embeddable":true,"href":"https:\/\/belleatelier.at\/de\/wp-json\/wp\/v2\/product_tag?post=9071"}],"curies":[{"name":"wp","href":"https:\/\/api.w.org\/{rel}","templated":true}]}}