{"id":9118,"date":"2024-09-13T10:29:53","date_gmt":"2024-09-13T07:29:53","guid":{"rendered":"https:\/\/belleatelier.at\/?post_type=product&#038;p=9118"},"modified":"2024-11-19T20:21:57","modified_gmt":"2024-11-19T19:21:57","slug":"kleid-jessenia-grun-s","status":"publish","type":"product","link":"https:\/\/belleatelier.at\/de\/product\/kleid-jessenia-grun-s\/","title":{"rendered":"Kleid Jessenia Gr\u00fcn-S"},"content":{"rendered":"","protected":false},"excerpt":{"rendered":"<p><b>Gr\u00f6\u00dfe: S<\/b><\/p>","protected":false},"featured_media":9163,"comment_status":"closed","ping_status":"closed","template":"","meta":{"inline_featured_image":false},"product_cat":[59],"product_tag":[122],"class_list":{"0":"post-9118","1":"product","2":"type-product","3":"status-publish","4":"has-post-thumbnail","6":"product_cat-rochii","7":"product_tag-rochii-de-ocazie","9":"first","10":"instock","11":"featured","12":"taxable","13":"shipping-taxable","14":"purchasable","15":"product-type-simple"},"_links":{"self":[{"href":"https:\/\/belleatelier.at\/de\/wp-json\/wp\/v2\/product\/9118","targetHints":{"allow":["GET"]}}],"collection":[{"href":"https:\/\/belleatelier.at\/de\/wp-json\/wp\/v2\/product"}],"about":[{"href":"https:\/\/belleatelier.at\/de\/wp-json\/wp\/v2\/types\/product"}],"replies":[{"embeddable":true,"href":"https:\/\/belleatelier.at\/de\/wp-json\/wp\/v2\/comments?post=9118"}],"version-history":[{"count":2,"href":"https:\/\/belleatelier.at\/de\/wp-json\/wp\/v2\/product\/9118\/revisions"}],"predecessor-version":[{"id":10972,"href":"https:\/\/belleatelier.at\/de\/wp-json\/wp\/v2\/product\/9118\/revisions\/10972"}],"wp:featuredmedia":[{"embeddable":true,"href":"https:\/\/belleatelier.at\/de\/wp-json\/wp\/v2\/media\/9163"}],"wp:attachment":[{"href":"https:\/\/belleatelier.at\/de\/wp-json\/wp\/v2\/media?parent=9118"}],"wp:term":[{"taxonomy":"product_cat","embeddable":true,"href":"https:\/\/belleatelier.at\/de\/wp-json\/wp\/v2\/product_cat?post=9118"},{"taxonomy":"product_tag","embeddable":true,"href":"https:\/\/belleatelier.at\/de\/wp-json\/wp\/v2\/product_tag?post=9118"}],"curies":[{"name":"wp","href":"https:\/\/api.w.org\/{rel}","templated":true}]}}